{"id":5667,"date":"2024-09-04T07:27:25","date_gmt":"2024-09-04T07:27:25","guid":{"rendered":"https:\/\/interseafish.com\/politique-de-cookies\/"},"modified":"2024-10-17T07:22:47","modified_gmt":"2024-10-17T07:22:47","slug":"politique-de-cookies","status":"publish","type":"page","link":"https:\/\/interseafish.com\/fr\/politique-de-cookies\/","title":{"rendered":"Politique de cookies"},"content":{"rendered":"<h2>Politique de cookies<\/h2>\n<p>Souhaitez-vous en savoir plus sur l&rsquo;utilisation de cookies sur notre site ? Nous vous en parlons avec plaisir <\/p>\n<p>Et surtout, savourez un cookie pendant que vous lisez tranquillement notre politique de confidentialit\u00e9.<\/p>\n<h2>Que sont les cookies ?<\/h2>\n<p>Les cookies sont de petits fichiers texte qui sont envoy\u00e9s \u00e0 votre navigateur par un serveur web et enregistr\u00e9s sur le disque dur de votre ordinateur. Lorsque vous naviguez sur un site internet, un cookie est enregistr\u00e9 sur votre ordinateur, pour que le site internet vous reconnaisse. Ainsi les utilisateurs peuvent \u00eatre distingu\u00e9s les uns des autres.  <\/p>\n<p>Le site internet d\u2019Interseafish utilise \u00e9galement des cookies. Les cookies que nous utilisons sont tr\u00e8s importants pour le bon fonctionnement de notre site internet. Mais les cookies dont les visiteurs ne verront pas imm\u00e9diatement l&rsquo;effet (comme Google Analytics) sont aussi d&rsquo;une grande importance pour nous. Gr\u00e2ce \u00e0 la contribution anonyme des visiteurs, nous obtenons une image claire de la fa\u00e7on dont notre site internet fonctionne et comment nous pouvons l&rsquo;am\u00e9liorer.   <\/p>\n<h2>Les cookies d\u2019Interseafish<\/h2>\n<p>En acceptant nos cookies vous donnez votre consentement pour l\u2019enregistrement et la lecture de cookies par interseafish.nl. Les cookies sont utilis\u00e9s \u00e0 des fins que vous retrouvez dans notre politique de confidentialit\u00e9. <\/p>\n<h2>Diff\u00e9rents types de cookies<\/h2>\n<p>La plupart des cookies demandent le consentement du visiteur. C\u2019est pourquoi le visiteur re\u00e7oit d&rsquo;abord une notification qu\u2019il doit accepter avant que les cookies ne soient d\u00e9pos\u00e9s. Il existe trois types de cookies. Les cookies analytiques et fonctionnels sont des cookies sans autorisation qui sont utilis\u00e9s pour am\u00e9liorer le fonctionnement du site internet et qui servent \u00e0 vous faciliter la navigation.   <\/p>\n<p><strong>Les cookies fonctionnels<\/strong><br \/>Les cookies fonctionnels permettent au visiteur d&rsquo;utiliser notre site internet et ses fonctionnalit\u00e9s. Ils ne sont donc pas utilis\u00e9s \u00e0 des fins de marketing. Si vous ne les acceptez pas, cela peut entra\u00eener une limitation de certaines fonctionnalit\u00e9s.  <\/p>\n<p><strong>Les cookies analytiques<\/strong><br \/>Interseafish utilise \u00e9galement des cookies analytiques pour continuer \u00e0 optimiser le site internet. Ces tracking cookies nous permettent de voir, \u00e0 base d\u2019un profil d\u2019utilisateur, comment les visiteurs utilisent notre site internet et comment nous pouvons l&rsquo;am\u00e9liorer afin d&rsquo;optimiser l&rsquo;exp\u00e9rience des utilisateurs. <\/p>\n<p><strong>Marketing et autres cookies<\/strong><br \/>En outre, des cookies \u00e0 des fins de marketing ou des cookies de tiers sont d\u00e9pos\u00e9s par le site internet d\u2019Interseafish. Leur fonction est de nous assurer que le visiteur voit la publicit\u00e9 la plus pertinente et personnalis\u00e9e et qu\u2019il ne voit cette publicit\u00e9 qu\u2019un nombre limit\u00e9 de fois.<br \/>Supprimer ou personnaliser les cookies.  <\/p>\n<h2>Souhaitez-vous bloquer l\u2019enregistrement de cookies ?<\/h2>\n<p>Pas de probl\u00e8me. R\u00e9glez les param\u00e8tres de votre navigateur sur chacun de vos appareils sur \u2018ne pas accepter les cookies\u2019. Les liens suivants vous expliquent comment faire en fonction de votre navigateur :  <\/p>\n<p>\u2022<strong> Chrome<\/strong><br \/>\u2022 <strong>Firefox<\/strong><br \/>\u2022 <strong>Internet Explorer<\/strong><br \/>\u2022 <strong>Safari<\/strong><\/p>\n<p>Des changements dans notre politique de cookies ou dans les cookies d\u00e9pos\u00e9s ? Alors, bien s\u00fbr, nous adapterons notre politique. La version la plus r\u00e9cente de cette politique de cookies date du 24 mai 2018. <\/p>\n<p>Voil\u00e0. Maintenant vous savez tout sur la fa\u00e7on dont nous utilisons les cookies<\/p>\n","protected":false},"excerpt":{"rendered":"<p>Politique de cookies Souhaitez-vous en savoir plus sur l&rsquo;utilisation de cookies sur notre site ? Nous vous en parlons avec plaisir Et surtout, savourez un cookie pendant que vous lisez tranquillement notre politique de confidentialit\u00e9. Que sont les cookies ? Les cookies sont de petits fichiers texte qui sont envoy\u00e9s \u00e0 votre navigateur par un [&hellip;]<\/p>\n","protected":false},"author":2,"featured_media":0,"parent":0,"menu_order":0,"comment_status":"closed","ping_status":"closed","template":"elementor_header_footer","meta":{"_monsterinsights_skip_tracking":false,"_monsterinsights_sitenote_active":false,"_monsterinsights_sitenote_note":"","_monsterinsights_sitenote_category":0,"footnotes":""},"class_list":["post-5667","page","type-page","status-publish","hentry"],"yoast_head":"<!-- This site is optimized with the Yoast SEO plugin v27.4 - https:\/\/yoast.com\/product\/yoast-seo-wordpress\/ -->\n<title>Politique de cookies - Interseafish Premium seafood since 1981!<\/title>\n<meta name=\"description\" content=\"Interseafish cookie policy - Molenvlietsestraat 12, 4691 BV Tholen, The Netherlands, +31 (0)166 60 40 40, sales@interseafish.com\" \/>\n<meta name=\"robots\" content=\"index, follow, max-snippet:-1, max-image-preview:large, max-video-preview:-1\" \/>\n<link rel=\"canonical\" href=\"https:\/\/interseafish.com\/fr\/politique-de-cookies\/\" \/>\n<meta property=\"og:locale\" content=\"fr_FR\" \/>\n<meta property=\"og:type\" content=\"article\" \/>\n<meta property=\"og:title\" content=\"Politique de cookies - Interseafish Premium seafood since 1981!\" \/>\n<meta property=\"og:description\" content=\"Interseafish cookie policy - Molenvlietsestraat 12, 4691 BV Tholen, The Netherlands, +31 (0)166 60 40 40, sales@interseafish.com\" \/>\n<meta property=\"og:url\" content=\"https:\/\/interseafish.com\/fr\/politique-de-cookies\/\" \/>\n<meta property=\"og:site_name\" content=\"Interseafish\" \/>\n<meta property=\"article:publisher\" content=\"https:\/\/www.facebook.com\/interseafishNL\" \/>\n<meta property=\"article:modified_time\" content=\"2024-10-17T07:22:47+00:00\" \/>\n<meta name=\"twitter:card\" content=\"summary_large_image\" \/>\n<meta name=\"twitter:label1\" content=\"Dur\u00e9e de lecture estim\u00e9e\" \/>\n\t<meta name=\"twitter:data1\" content=\"3 minutes\" \/>\n<script type=\"application\/ld+json\" class=\"yoast-schema-graph\">{\"@context\":\"https:\\\/\\\/schema.org\",\"@graph\":[{\"@type\":\"WebPage\",\"@id\":\"https:\\\/\\\/interseafish.com\\\/fr\\\/politique-de-cookies\\\/\",\"url\":\"https:\\\/\\\/interseafish.com\\\/fr\\\/politique-de-cookies\\\/\",\"name\":\"Politique de cookies - Interseafish Premium seafood since 1981!\",\"isPartOf\":{\"@id\":\"https:\\\/\\\/interseafish.com\\\/fr\\\/#website\"},\"datePublished\":\"2024-09-04T07:27:25+00:00\",\"dateModified\":\"2024-10-17T07:22:47+00:00\",\"description\":\"Interseafish cookie policy - Molenvlietsestraat 12, 4691 BV Tholen, The Netherlands, +31 (0)166 60 40 40, sales@interseafish.com\",\"breadcrumb\":{\"@id\":\"https:\\\/\\\/interseafish.com\\\/fr\\\/politique-de-cookies\\\/#breadcrumb\"},\"inLanguage\":\"fr-FR\",\"potentialAction\":[{\"@type\":\"ReadAction\",\"target\":[\"https:\\\/\\\/interseafish.com\\\/fr\\\/politique-de-cookies\\\/\"]}]},{\"@type\":\"BreadcrumbList\",\"@id\":\"https:\\\/\\\/interseafish.com\\\/fr\\\/politique-de-cookies\\\/#breadcrumb\",\"itemListElement\":[{\"@type\":\"ListItem\",\"position\":1,\"name\":\"Home\",\"item\":\"https:\\\/\\\/interseafish.com\\\/fr\\\/accueil\\\/\"},{\"@type\":\"ListItem\",\"position\":2,\"name\":\"Politique de cookies\"}]},{\"@type\":\"WebSite\",\"@id\":\"https:\\\/\\\/interseafish.com\\\/fr\\\/#website\",\"url\":\"https:\\\/\\\/interseafish.com\\\/fr\\\/\",\"name\":\"Interseafish\",\"description\":\"Premium seafood since 1981!\",\"publisher\":{\"@id\":\"https:\\\/\\\/interseafish.com\\\/fr\\\/#organization\"},\"potentialAction\":[{\"@type\":\"SearchAction\",\"target\":{\"@type\":\"EntryPoint\",\"urlTemplate\":\"https:\\\/\\\/interseafish.com\\\/fr\\\/?s={search_term_string}\"},\"query-input\":{\"@type\":\"PropertyValueSpecification\",\"valueRequired\":true,\"valueName\":\"search_term_string\"}}],\"inLanguage\":\"fr-FR\"},{\"@type\":\"Organization\",\"@id\":\"https:\\\/\\\/interseafish.com\\\/fr\\\/#organization\",\"name\":\"Interseafish\",\"url\":\"https:\\\/\\\/interseafish.com\\\/fr\\\/\",\"logo\":{\"@type\":\"ImageObject\",\"inLanguage\":\"fr-FR\",\"@id\":\"https:\\\/\\\/interseafish.com\\\/fr\\\/#\\\/schema\\\/logo\\\/image\\\/\",\"url\":\"https:\\\/\\\/interseafish.com\\\/wp-content\\\/uploads\\\/2024\\\/08\\\/interseafish-logo-colour-1300-1.png\",\"contentUrl\":\"https:\\\/\\\/interseafish.com\\\/wp-content\\\/uploads\\\/2024\\\/08\\\/interseafish-logo-colour-1300-1.png\",\"width\":1300,\"height\":458,\"caption\":\"Interseafish\"},\"image\":{\"@id\":\"https:\\\/\\\/interseafish.com\\\/fr\\\/#\\\/schema\\\/logo\\\/image\\\/\"},\"sameAs\":[\"https:\\\/\\\/www.facebook.com\\\/interseafishNL\",\"https:\\\/\\\/www.instagram.com\\\/interseafish\\\/\",\"https:\\\/\\\/www.linkedin.com\\\/company\\\/interseafish\\\/\",\"https:\\\/\\\/www.youtube.com\\\/@interseafish\"]}]}<\/script>\n<!-- \/ Yoast SEO plugin. -->","yoast_head_json":{"title":"Politique de cookies - Interseafish Premium seafood since 1981!","description":"Interseafish cookie policy - Molenvlietsestraat 12, 4691 BV Tholen, The Netherlands, +31 (0)166 60 40 40, sales@interseafish.com","robots":{"index":"index","follow":"follow","max-snippet":"max-snippet:-1","max-image-preview":"max-image-preview:large","max-video-preview":"max-video-preview:-1"},"canonical":"https:\/\/interseafish.com\/fr\/politique-de-cookies\/","og_locale":"fr_FR","og_type":"article","og_title":"Politique de cookies - Interseafish Premium seafood since 1981!","og_description":"Interseafish cookie policy - Molenvlietsestraat 12, 4691 BV Tholen, The Netherlands, +31 (0)166 60 40 40, sales@interseafish.com","og_url":"https:\/\/interseafish.com\/fr\/politique-de-cookies\/","og_site_name":"Interseafish","article_publisher":"https:\/\/www.facebook.com\/interseafishNL","article_modified_time":"2024-10-17T07:22:47+00:00","twitter_card":"summary_large_image","twitter_misc":{"Dur\u00e9e de lecture estim\u00e9e":"3 minutes"},"schema":{"@context":"https:\/\/schema.org","@graph":[{"@type":"WebPage","@id":"https:\/\/interseafish.com\/fr\/politique-de-cookies\/","url":"https:\/\/interseafish.com\/fr\/politique-de-cookies\/","name":"Politique de cookies - Interseafish Premium seafood since 1981!","isPartOf":{"@id":"https:\/\/interseafish.com\/fr\/#website"},"datePublished":"2024-09-04T07:27:25+00:00","dateModified":"2024-10-17T07:22:47+00:00","description":"Interseafish cookie policy - Molenvlietsestraat 12, 4691 BV Tholen, The Netherlands, +31 (0)166 60 40 40, sales@interseafish.com","breadcrumb":{"@id":"https:\/\/interseafish.com\/fr\/politique-de-cookies\/#breadcrumb"},"inLanguage":"fr-FR","potentialAction":[{"@type":"ReadAction","target":["https:\/\/interseafish.com\/fr\/politique-de-cookies\/"]}]},{"@type":"BreadcrumbList","@id":"https:\/\/interseafish.com\/fr\/politique-de-cookies\/#breadcrumb","itemListElement":[{"@type":"ListItem","position":1,"name":"Home","item":"https:\/\/interseafish.com\/fr\/accueil\/"},{"@type":"ListItem","position":2,"name":"Politique de cookies"}]},{"@type":"WebSite","@id":"https:\/\/interseafish.com\/fr\/#website","url":"https:\/\/interseafish.com\/fr\/","name":"Interseafish","description":"Premium seafood since 1981!","publisher":{"@id":"https:\/\/interseafish.com\/fr\/#organization"},"potentialAction":[{"@type":"SearchAction","target":{"@type":"EntryPoint","urlTemplate":"https:\/\/interseafish.com\/fr\/?s={search_term_string}"},"query-input":{"@type":"PropertyValueSpecification","valueRequired":true,"valueName":"search_term_string"}}],"inLanguage":"fr-FR"},{"@type":"Organization","@id":"https:\/\/interseafish.com\/fr\/#organization","name":"Interseafish","url":"https:\/\/interseafish.com\/fr\/","logo":{"@type":"ImageObject","inLanguage":"fr-FR","@id":"https:\/\/interseafish.com\/fr\/#\/schema\/logo\/image\/","url":"https:\/\/interseafish.com\/wp-content\/uploads\/2024\/08\/interseafish-logo-colour-1300-1.png","contentUrl":"https:\/\/interseafish.com\/wp-content\/uploads\/2024\/08\/interseafish-logo-colour-1300-1.png","width":1300,"height":458,"caption":"Interseafish"},"image":{"@id":"https:\/\/interseafish.com\/fr\/#\/schema\/logo\/image\/"},"sameAs":["https:\/\/www.facebook.com\/interseafishNL","https:\/\/www.instagram.com\/interseafish\/","https:\/\/www.linkedin.com\/company\/interseafish\/","https:\/\/www.youtube.com\/@interseafish"]}]}},"_links":{"self":[{"href":"https:\/\/interseafish.com\/fr\/wp-json\/wp\/v2\/pages\/5667","targetHints":{"allow":["GET"]}}],"collection":[{"href":"https:\/\/interseafish.com\/fr\/wp-json\/wp\/v2\/pages"}],"about":[{"href":"https:\/\/interseafish.com\/fr\/wp-json\/wp\/v2\/types\/page"}],"author":[{"embeddable":true,"href":"https:\/\/interseafish.com\/fr\/wp-json\/wp\/v2\/users\/2"}],"replies":[{"embeddable":true,"href":"https:\/\/interseafish.com\/fr\/wp-json\/wp\/v2\/comments?post=5667"}],"version-history":[{"count":1,"href":"https:\/\/interseafish.com\/fr\/wp-json\/wp\/v2\/pages\/5667\/revisions"}],"predecessor-version":[{"id":5668,"href":"https:\/\/interseafish.com\/fr\/wp-json\/wp\/v2\/pages\/5667\/revisions\/5668"}],"wp:attachment":[{"href":"https:\/\/interseafish.com\/fr\/wp-json\/wp\/v2\/media?parent=5667"}],"curies":[{"name":"wp","href":"https:\/\/api.w.org\/{rel}","templated":true}]}}