{"id":5746,"date":"2024-09-04T07:27:25","date_gmt":"2024-09-04T07:27:25","guid":{"rendered":"https:\/\/interseafish.com\/politica-de-cookies\/"},"modified":"2024-10-17T07:23:29","modified_gmt":"2024-10-17T07:23:29","slug":"politica-de-cookies","status":"publish","type":"page","link":"https:\/\/interseafish.com\/es\/politica-de-cookies\/","title":{"rendered":"Pol\u00edtica de cookies"},"content":{"rendered":"<h2>Pol\u00edtica de cookies<\/h2>\n<p>\u00bfQuiere m\u00e1s informaci\u00f3n sobre el uso de cookies en el sitio web de Interseafish? A continuaci\u00f3n se lo explicamos. <\/p>\n<p>Tome una galleta y lea atentamente nuestra pol\u00edtica de privacidad.<\/p>\n<h2>\u00bfQu\u00e9 es una cookie?<\/h2>\n<p>Cookies son peque\u00f1os archivos de texto con informaci\u00f3n que un sitio web puede almacenar en el disco duro de su ordenador. Cuando visita un sitio web, se almacena una cookie en su ordenador, siendo reconocido cada vez que visita el sitio. De este modo, pueden diferenciarse los usuarios.  <\/p>\n<p>El sitio web de Interseafish tambi\u00e9n utiliza cookies, pues su uso es imprescindible para un funcionamiento correcto de este. Sin embargo, tambi\u00e9n hay cookies (como por ejemplo de Google Analytics) con las que un usuario no notar\u00e1 ning\u00fan efecto pero que son de gran importancia para nosotros. La informaci\u00f3n an\u00f3nima que nos ofrecen los usuarios nos permite conocer c\u00f3mo funciona el sitio web y c\u00f3mo podemos mejorarlo.   <\/p>\n<h2>Cookies de Interseafish<\/h2>\n<p>Al aceptar nuestro aviso de cookies, da permiso a interseafish.nl para instalar o leer cookies. Las finalidades de las cookies utilizadas puede encontrarlas en nuestra pol\u00edtica de privacidad. <\/p>\n<h2>Diferentes tipos de cookies<\/h2>\n<p>Para la mayor\u00eda de cookies se pide permiso al usuario: recibir\u00e1 un aviso y deber\u00e1 aceptarlo antes de poder instalar las cookies. Utilizamos tres tipos de cookies. Para las cookies anal\u00edticas y funcionales, las cuales se utilizan para mejorar el funcionamiento del sitio web y optimizar la navegaci\u00f3n del usuario, no necesita otorgar permiso.   <\/p>\n<p><strong>Cookies funcionales<\/strong><br \/>Las cookies funcionales permitir\u00e1n al usuario acceder a nuestro sitio web y el funcionamiento correcto de este, no se utilizar\u00e1n para fines comerciales. Si no las accepta, algunas partes del sitio web no funcionar\u00e1n de forma \u00f3ptima.  <\/p>\n<p><strong>Cookies anal\u00edticas<\/strong><br \/>Interseafish tambi\u00e9n usa cookies anal\u00edticas para seguir mejorando el sitio web. Mediante un perfil del usuario, estas cookies de seguimiento nos permiten ver c\u00f3mo utilizan los visitantes nuestro sitio web y c\u00f3mo mejorarlo para optimizar la experiencia del usuario. <\/p>\n<p><strong>Cookies de marketing y otros tipos<\/strong><br \/>El sitio web de Interseafish tambi\u00e9n utiliza cookies con fines comerciales o cookies de terceros para ofrecer a los usuarios los anuncios m\u00e1s relevantes y personalizados. Adem\u00e1s, estas cookies permiten mostrar el anuncio solo un par de veces.<br \/>\u00bfEliminar o personalizar las cookies?  <\/p>\n<h2>\u00bfQuiere rechazar la instalaci\u00f3n de cookies?<\/h2>\n<p>Es posible. Puede cambiar sus preferencias sobre el uso de las cookies, rechazando estas en la configuraci\u00f3n del navegador de cada aparato que utilice. A trav\u00e9s de los siguientes enlaces se le explica c\u00f3mo hacerlo en cada navegador:  <\/p>\n<p>\u2022<strong> Chrome<\/strong><br \/><strong>\u2022 Firefox<\/strong><br \/><strong>\u2022 Internet Explorer<\/strong><br \/><strong>\u2022 Safari<\/strong><\/p>\n<p>\u00bfCambia nuestra pol\u00edtica de cookies o las cookies instaladas? En ese caso actualizaremos nuestra pol\u00edtica. La versi\u00f3n m\u00e1s reciente de esta pol\u00edtica de cookies es del 24 de mayo del 2018. <\/p>\n<p>Pues bueno, ahora ya posee toda la informaci\u00f3n sobre c\u00f3mo usamos cookies.<\/p>\n","protected":false},"excerpt":{"rendered":"<p>Pol\u00edtica de cookies \u00bfQuiere m\u00e1s informaci\u00f3n sobre el uso de cookies en el sitio web de Interseafish? A continuaci\u00f3n se lo explicamos. Tome una galleta y lea atentamente nuestra pol\u00edtica de privacidad. \u00bfQu\u00e9 es una cookie? Cookies son peque\u00f1os archivos de texto con informaci\u00f3n que un sitio web puede almacenar en el disco duro de [&hellip;]<\/p>\n","protected":false},"author":2,"featured_media":0,"parent":0,"menu_order":0,"comment_status":"closed","ping_status":"closed","template":"elementor_header_footer","meta":{"_monsterinsights_skip_tracking":false,"_monsterinsights_sitenote_active":false,"_monsterinsights_sitenote_note":"","_monsterinsights_sitenote_category":0,"footnotes":""},"class_list":["post-5746","page","type-page","status-publish","hentry"],"yoast_head":"<!-- This site is optimized with the Yoast SEO plugin v27.4 - https:\/\/yoast.com\/product\/yoast-seo-wordpress\/ -->\n<title>Pol\u00edtica de cookies - Interseafish Premium seafood since 1981!<\/title>\n<meta name=\"description\" content=\"Interseafish cookie policy - Molenvlietsestraat 12, 4691 BV Tholen, The Netherlands, +31 (0)166 60 40 40, sales@interseafish.com\" \/>\n<meta name=\"robots\" content=\"index, follow, max-snippet:-1, max-image-preview:large, max-video-preview:-1\" \/>\n<link rel=\"canonical\" href=\"https:\/\/interseafish.com\/es\/politica-de-cookies\/\" \/>\n<meta property=\"og:locale\" content=\"es_ES\" \/>\n<meta property=\"og:type\" content=\"article\" \/>\n<meta property=\"og:title\" content=\"Pol\u00edtica de cookies - Interseafish Premium seafood since 1981!\" \/>\n<meta property=\"og:description\" content=\"Interseafish cookie policy - Molenvlietsestraat 12, 4691 BV Tholen, The Netherlands, +31 (0)166 60 40 40, sales@interseafish.com\" \/>\n<meta property=\"og:url\" content=\"https:\/\/interseafish.com\/es\/politica-de-cookies\/\" \/>\n<meta property=\"og:site_name\" content=\"Interseafish\" \/>\n<meta property=\"article:publisher\" content=\"https:\/\/www.facebook.com\/interseafishNL\" \/>\n<meta property=\"article:modified_time\" content=\"2024-10-17T07:23:29+00:00\" \/>\n<meta name=\"twitter:card\" content=\"summary_large_image\" \/>\n<meta name=\"twitter:label1\" content=\"Tiempo de lectura\" \/>\n\t<meta name=\"twitter:data1\" content=\"2 minutos\" \/>\n<script type=\"application\/ld+json\" class=\"yoast-schema-graph\">{\"@context\":\"https:\\\/\\\/schema.org\",\"@graph\":[{\"@type\":\"WebPage\",\"@id\":\"https:\\\/\\\/interseafish.com\\\/es\\\/politica-de-cookies\\\/\",\"url\":\"https:\\\/\\\/interseafish.com\\\/es\\\/politica-de-cookies\\\/\",\"name\":\"Pol\u00edtica de cookies - Interseafish Premium seafood since 1981!\",\"isPartOf\":{\"@id\":\"https:\\\/\\\/interseafish.com\\\/es\\\/#website\"},\"datePublished\":\"2024-09-04T07:27:25+00:00\",\"dateModified\":\"2024-10-17T07:23:29+00:00\",\"description\":\"Interseafish cookie policy - Molenvlietsestraat 12, 4691 BV Tholen, The Netherlands, +31 (0)166 60 40 40, sales@interseafish.com\",\"breadcrumb\":{\"@id\":\"https:\\\/\\\/interseafish.com\\\/es\\\/politica-de-cookies\\\/#breadcrumb\"},\"inLanguage\":\"es\",\"potentialAction\":[{\"@type\":\"ReadAction\",\"target\":[\"https:\\\/\\\/interseafish.com\\\/es\\\/politica-de-cookies\\\/\"]}]},{\"@type\":\"BreadcrumbList\",\"@id\":\"https:\\\/\\\/interseafish.com\\\/es\\\/politica-de-cookies\\\/#breadcrumb\",\"itemListElement\":[{\"@type\":\"ListItem\",\"position\":1,\"name\":\"Home\",\"item\":\"https:\\\/\\\/interseafish.com\\\/es\\\/inicio\\\/\"},{\"@type\":\"ListItem\",\"position\":2,\"name\":\"Pol\u00edtica de cookies\"}]},{\"@type\":\"WebSite\",\"@id\":\"https:\\\/\\\/interseafish.com\\\/es\\\/#website\",\"url\":\"https:\\\/\\\/interseafish.com\\\/es\\\/\",\"name\":\"Interseafish\",\"description\":\"Premium seafood since 1981!\",\"publisher\":{\"@id\":\"https:\\\/\\\/interseafish.com\\\/es\\\/#organization\"},\"potentialAction\":[{\"@type\":\"SearchAction\",\"target\":{\"@type\":\"EntryPoint\",\"urlTemplate\":\"https:\\\/\\\/interseafish.com\\\/es\\\/?s={search_term_string}\"},\"query-input\":{\"@type\":\"PropertyValueSpecification\",\"valueRequired\":true,\"valueName\":\"search_term_string\"}}],\"inLanguage\":\"es\"},{\"@type\":\"Organization\",\"@id\":\"https:\\\/\\\/interseafish.com\\\/es\\\/#organization\",\"name\":\"Interseafish\",\"url\":\"https:\\\/\\\/interseafish.com\\\/es\\\/\",\"logo\":{\"@type\":\"ImageObject\",\"inLanguage\":\"es\",\"@id\":\"https:\\\/\\\/interseafish.com\\\/es\\\/#\\\/schema\\\/logo\\\/image\\\/\",\"url\":\"https:\\\/\\\/interseafish.com\\\/wp-content\\\/uploads\\\/2024\\\/08\\\/interseafish-logo-colour-1300-1.png\",\"contentUrl\":\"https:\\\/\\\/interseafish.com\\\/wp-content\\\/uploads\\\/2024\\\/08\\\/interseafish-logo-colour-1300-1.png\",\"width\":1300,\"height\":458,\"caption\":\"Interseafish\"},\"image\":{\"@id\":\"https:\\\/\\\/interseafish.com\\\/es\\\/#\\\/schema\\\/logo\\\/image\\\/\"},\"sameAs\":[\"https:\\\/\\\/www.facebook.com\\\/interseafishNL\",\"https:\\\/\\\/www.instagram.com\\\/interseafish\\\/\",\"https:\\\/\\\/www.linkedin.com\\\/company\\\/interseafish\\\/\",\"https:\\\/\\\/www.youtube.com\\\/@interseafish\"]}]}<\/script>\n<!-- \/ Yoast SEO plugin. -->","yoast_head_json":{"title":"Pol\u00edtica de cookies - Interseafish Premium seafood since 1981!","description":"Interseafish cookie policy - Molenvlietsestraat 12, 4691 BV Tholen, The Netherlands, +31 (0)166 60 40 40, sales@interseafish.com","robots":{"index":"index","follow":"follow","max-snippet":"max-snippet:-1","max-image-preview":"max-image-preview:large","max-video-preview":"max-video-preview:-1"},"canonical":"https:\/\/interseafish.com\/es\/politica-de-cookies\/","og_locale":"es_ES","og_type":"article","og_title":"Pol\u00edtica de cookies - Interseafish Premium seafood since 1981!","og_description":"Interseafish cookie policy - Molenvlietsestraat 12, 4691 BV Tholen, The Netherlands, +31 (0)166 60 40 40, sales@interseafish.com","og_url":"https:\/\/interseafish.com\/es\/politica-de-cookies\/","og_site_name":"Interseafish","article_publisher":"https:\/\/www.facebook.com\/interseafishNL","article_modified_time":"2024-10-17T07:23:29+00:00","twitter_card":"summary_large_image","twitter_misc":{"Tiempo de lectura":"2 minutos"},"schema":{"@context":"https:\/\/schema.org","@graph":[{"@type":"WebPage","@id":"https:\/\/interseafish.com\/es\/politica-de-cookies\/","url":"https:\/\/interseafish.com\/es\/politica-de-cookies\/","name":"Pol\u00edtica de cookies - Interseafish Premium seafood since 1981!","isPartOf":{"@id":"https:\/\/interseafish.com\/es\/#website"},"datePublished":"2024-09-04T07:27:25+00:00","dateModified":"2024-10-17T07:23:29+00:00","description":"Interseafish cookie policy - Molenvlietsestraat 12, 4691 BV Tholen, The Netherlands, +31 (0)166 60 40 40, sales@interseafish.com","breadcrumb":{"@id":"https:\/\/interseafish.com\/es\/politica-de-cookies\/#breadcrumb"},"inLanguage":"es","potentialAction":[{"@type":"ReadAction","target":["https:\/\/interseafish.com\/es\/politica-de-cookies\/"]}]},{"@type":"BreadcrumbList","@id":"https:\/\/interseafish.com\/es\/politica-de-cookies\/#breadcrumb","itemListElement":[{"@type":"ListItem","position":1,"name":"Home","item":"https:\/\/interseafish.com\/es\/inicio\/"},{"@type":"ListItem","position":2,"name":"Pol\u00edtica de cookies"}]},{"@type":"WebSite","@id":"https:\/\/interseafish.com\/es\/#website","url":"https:\/\/interseafish.com\/es\/","name":"Interseafish","description":"Premium seafood since 1981!","publisher":{"@id":"https:\/\/interseafish.com\/es\/#organization"},"potentialAction":[{"@type":"SearchAction","target":{"@type":"EntryPoint","urlTemplate":"https:\/\/interseafish.com\/es\/?s={search_term_string}"},"query-input":{"@type":"PropertyValueSpecification","valueRequired":true,"valueName":"search_term_string"}}],"inLanguage":"es"},{"@type":"Organization","@id":"https:\/\/interseafish.com\/es\/#organization","name":"Interseafish","url":"https:\/\/interseafish.com\/es\/","logo":{"@type":"ImageObject","inLanguage":"es","@id":"https:\/\/interseafish.com\/es\/#\/schema\/logo\/image\/","url":"https:\/\/interseafish.com\/wp-content\/uploads\/2024\/08\/interseafish-logo-colour-1300-1.png","contentUrl":"https:\/\/interseafish.com\/wp-content\/uploads\/2024\/08\/interseafish-logo-colour-1300-1.png","width":1300,"height":458,"caption":"Interseafish"},"image":{"@id":"https:\/\/interseafish.com\/es\/#\/schema\/logo\/image\/"},"sameAs":["https:\/\/www.facebook.com\/interseafishNL","https:\/\/www.instagram.com\/interseafish\/","https:\/\/www.linkedin.com\/company\/interseafish\/","https:\/\/www.youtube.com\/@interseafish"]}]}},"_links":{"self":[{"href":"https:\/\/interseafish.com\/es\/wp-json\/wp\/v2\/pages\/5746","targetHints":{"allow":["GET"]}}],"collection":[{"href":"https:\/\/interseafish.com\/es\/wp-json\/wp\/v2\/pages"}],"about":[{"href":"https:\/\/interseafish.com\/es\/wp-json\/wp\/v2\/types\/page"}],"author":[{"embeddable":true,"href":"https:\/\/interseafish.com\/es\/wp-json\/wp\/v2\/users\/2"}],"replies":[{"embeddable":true,"href":"https:\/\/interseafish.com\/es\/wp-json\/wp\/v2\/comments?post=5746"}],"version-history":[{"count":1,"href":"https:\/\/interseafish.com\/es\/wp-json\/wp\/v2\/pages\/5746\/revisions"}],"predecessor-version":[{"id":5747,"href":"https:\/\/interseafish.com\/es\/wp-json\/wp\/v2\/pages\/5746\/revisions\/5747"}],"wp:attachment":[{"href":"https:\/\/interseafish.com\/es\/wp-json\/wp\/v2\/media?parent=5746"}],"curies":[{"name":"wp","href":"https:\/\/api.w.org\/{rel}","templated":true}]}}