{"id":5353,"date":"2024-09-10T16:47:34","date_gmt":"2024-09-10T16:47:34","guid":{"rendered":"https:\/\/interseafish.com\/kohlenfisch\/"},"modified":"2024-10-28T10:20:14","modified_gmt":"2024-10-28T10:20:14","slug":"kohlenfisch","status":"publish","type":"page","link":"https:\/\/interseafish.com\/de\/kohlenfisch\/","title":{"rendered":"Kohlenfisch"},"content":{"rendered":"\t\t<div data-elementor-type=\"wp-page\" data-elementor-id=\"5353\" class=\"elementor elementor-5353 elementor-3170\" data-elementor-post-type=\"page\">\n\t\t\t\t\t\t<section class=\"elementor-section elementor-top-section elementor-element elementor-element-1ae73ec elementor-section-boxed elementor-section-height-default elementor-section-height-default\" data-id=\"1ae73ec\" data-element_type=\"section\" data-e-type=\"section\">\n\t\t\t\t\t\t<div class=\"elementor-container elementor-column-gap-default\">\n\t\t\t\t\t<div class=\"elementor-column elementor-col-50 elementor-top-column elementor-element elementor-element-f91c324\" data-id=\"f91c324\" data-element_type=\"column\" data-e-type=\"column\">\n\t\t\t<div class=\"elementor-widget-wrap elementor-element-populated\">\n\t\t\t\t\t\t<div class=\"elementor-element elementor-element-dac2343 elementor-pagination-position-inside elementor-widget elementor-widget-image-carousel\" data-id=\"dac2343\" data-element_type=\"widget\" data-e-type=\"widget\" data-settings=\"{&quot;slides_to_show&quot;:&quot;1&quot;,&quot;navigation&quot;:&quot;dots&quot;,&quot;autoplay_speed&quot;:4000,&quot;autoplay&quot;:&quot;yes&quot;,&quot;pause_on_hover&quot;:&quot;yes&quot;,&quot;pause_on_interaction&quot;:&quot;yes&quot;,&quot;infinite&quot;:&quot;yes&quot;,&quot;effect&quot;:&quot;slide&quot;,&quot;speed&quot;:500}\" data-widget_type=\"image-carousel.default\">\n\t\t\t\t<div class=\"elementor-widget-container\">\n\t\t\t\t\t\t\t<div class=\"elementor-image-carousel-wrapper swiper\" role=\"region\" aria-roledescription=\"carousel\" aria-label=\"Bild Karussell\" dir=\"ltr\">\n\t\t\t<div class=\"elementor-image-carousel swiper-wrapper\" aria-live=\"off\">\n\t\t\t\t\t\t\t\t<div class=\"swiper-slide\" role=\"group\" aria-roledescription=\"slide\" aria-label=\"1 von 2\"><figure class=\"swiper-slide-inner\"><img decoding=\"async\" class=\"swiper-slide-image\" src=\"https:\/\/interseafish.com\/wp-content\/uploads\/2024\/09\/interseafish-black-cod-large.jpg\" alt=\"Black cod Interseafish\" \/><\/figure><\/div><div class=\"swiper-slide\" role=\"group\" aria-roledescription=\"slide\" aria-label=\"2 von 2\"><figure class=\"swiper-slide-inner\"><img decoding=\"async\" class=\"swiper-slide-image\" src=\"https:\/\/interseafish.com\/wp-content\/uploads\/2024\/09\/interseafish-black-cod-large-side.jpg\" alt=\"Kohlenfisch\" \/><\/figure><\/div>\t\t\t<\/div>\n\t\t\t\t\t\t\t\n\t\t\t\t\t\t\t\t\t<div class=\"swiper-pagination\"><\/div>\n\t\t\t\t\t\t\t\t\t<\/div>\n\t\t\t\t\t\t<\/div>\n\t\t\t\t<\/div>\n\t\t\t\t\t<\/div>\n\t\t<\/div>\n\t\t\t\t<div class=\"elementor-column elementor-col-50 elementor-top-column elementor-element elementor-element-ef3e73c\" data-id=\"ef3e73c\" data-element_type=\"column\" data-e-type=\"column\">\n\t\t\t<div class=\"elementor-widget-wrap elementor-element-populated\">\n\t\t\t\t\t\t<div class=\"elementor-element elementor-element-71921a5 elementor-widget elementor-widget-text-editor\" data-id=\"71921a5\" data-element_type=\"widget\" data-e-type=\"widget\" data-widget_type=\"text-editor.default\">\n\t\t\t\t<div class=\"elementor-widget-container\">\n\t\t\t\t\t\t\t\t\t<p><a href=\"https:\/\/interseafish.com\/de\/producten\/\"><span style=\"color: #767676;\">&lt; Zur\u00fcck zur \u00dcbersicht<\/span><\/a><\/p>\n\t\t\t\t\t\t\t\t<\/div>\n\t\t\t\t<\/div>\n\t\t\t\t<div class=\"elementor-element elementor-element-c95dbec elementor-widget elementor-widget-text-editor\" data-id=\"c95dbec\" data-element_type=\"widget\" data-e-type=\"widget\" data-widget_type=\"text-editor.default\">\n\t\t\t\t<div class=\"elementor-widget-container\">\n\t\t\t\t\t\t\t\t\t<p>Anoplopoma fimbria<\/p>\n\t\t\t\t\t\t\t\t<\/div>\n\t\t\t\t<\/div>\n\t\t\t\t<div class=\"elementor-element elementor-element-1f7f568 elementor-widget elementor-widget-heading\" data-id=\"1f7f568\" data-element_type=\"widget\" data-e-type=\"widget\" data-widget_type=\"heading.default\">\n\t\t\t\t<div class=\"elementor-widget-container\">\n\t\t\t\t\t<h2 class=\"elementor-heading-title elementor-size-default\">Kohlenfisch<\/h2>\t\t\t\t<\/div>\n\t\t\t\t<\/div>\n\t\t\t\t<div class=\"elementor-element elementor-element-6e3e9be elementor-widget-divider--view-line elementor-widget elementor-widget-divider\" data-id=\"6e3e9be\" data-element_type=\"widget\" data-e-type=\"widget\" data-widget_type=\"divider.default\">\n\t\t\t\t<div class=\"elementor-widget-container\">\n\t\t\t\t\t\t\t<div class=\"elementor-divider\">\n\t\t\t<span class=\"elementor-divider-separator\">\n\t\t\t\t\t\t<\/span>\n\t\t<\/div>\n\t\t\t\t\t\t<\/div>\n\t\t\t\t<\/div>\n\t\t\t\t<div class=\"elementor-element elementor-element-2562b67 elementor-widget elementor-widget-text-editor\" data-id=\"2562b67\" data-element_type=\"widget\" data-e-type=\"widget\" data-widget_type=\"text-editor.default\">\n\t\t\t\t<div class=\"elementor-widget-container\">\n\t\t\t\t\t\t\t\t\t<p>Bekannt f\u00fcr seine hervorragende Qualit\u00e4t ist es eine echte Delikatesse. Es ist mittlerweile ein beliebtes Produkt. Der Kohlenfisch von Interseafish ist MSC-zertifiziert.<\/p><p>W\u00fcnschen Sie weitere Informationen \u00fcber dieses Produkt? F\u00fcllen Sie dann unser Kontaktformular aus oder rufen Sie uns an unter <a href=\"tel:0031 166 604040\">0031 166 604040.<\/a><\/p>\t\t\t\t\t\t\t\t<\/div>\n\t\t\t\t<\/div>\n\t\t\t\t<div class=\"elementor-element elementor-element-5af0000 elementor-widget elementor-widget-text-editor\" data-id=\"5af0000\" data-element_type=\"widget\" data-e-type=\"widget\" data-widget_type=\"text-editor.default\">\n\t\t\t\t<div class=\"elementor-widget-container\">\n\t\t\t\t\t\t\t\t\t<p><span style=\"color: #aa9a6d;\"><a style=\"color: #aa9a6d;\" href=\"https:\/\/interseafish.com\/de\/kontakt\/\"><u>Angebot anfordern &gt;<\/u><\/a><\/span><\/p>\n\t\t\t\t\t\t\t\t<\/div>\n\t\t\t\t<\/div>\n\t\t\t\t\t<\/div>\n\t\t<\/div>\n\t\t\t\t\t<\/div>\n\t\t<\/section>\n\t\t\t\t<section class=\"elementor-section elementor-top-section elementor-element elementor-element-79468db elementor-section-boxed elementor-section-height-default elementor-section-height-default\" data-id=\"79468db\" data-element_type=\"section\" data-e-type=\"section\" data-settings=\"{&quot;background_background&quot;:&quot;classic&quot;}\">\n\t\t\t\t\t\t<div class=\"elementor-container elementor-column-gap-default\">\n\t\t\t\t\t<div class=\"elementor-column elementor-col-50 elementor-top-column elementor-element elementor-element-10e12df\" data-id=\"10e12df\" data-element_type=\"column\" data-e-type=\"column\">\n\t\t\t<div class=\"elementor-widget-wrap elementor-element-populated\">\n\t\t\t\t\t\t<div class=\"elementor-element elementor-element-d4ad7d8 elementor-widget elementor-widget-image\" data-id=\"d4ad7d8\" data-element_type=\"widget\" data-e-type=\"widget\" data-widget_type=\"image.default\">\n\t\t\t\t<div class=\"elementor-widget-container\">\n\t\t\t\t\t\t\t\t\t\t\t\t\t\t\t<img decoding=\"async\" src=\"https:\/\/interseafish.com\/wp-content\/uploads\/elementor\/thumbs\/quotation-mark-playfair-display-qt6sgvxm0apv7j78b06p393oh00g8bs544kmthvbsk.png\" title=\"quotation-mark-playfair-display\" alt=\"quotation mark Interseafish work with us\" loading=\"lazy\" \/>\t\t\t\t\t\t\t\t\t\t\t\t\t\t\t<\/div>\n\t\t\t\t<\/div>\n\t\t\t\t<div class=\"elementor-element elementor-element-296149a elementor-widget elementor-widget-heading\" data-id=\"296149a\" data-element_type=\"widget\" data-e-type=\"widget\" data-widget_type=\"heading.default\">\n\t\t\t\t<div class=\"elementor-widget-container\">\n\t\t\t\t\t<h2 class=\"elementor-heading-title elementor-size-default\">Eine wahre Delikatesse in der Japanischen K\u00fcche.<\/h2>\t\t\t\t<\/div>\n\t\t\t\t<\/div>\n\t\t\t\t<div class=\"elementor-element elementor-element-d7286be elementor-widget-divider--view-line elementor-widget elementor-widget-divider\" data-id=\"d7286be\" data-element_type=\"widget\" data-e-type=\"widget\" data-widget_type=\"divider.default\">\n\t\t\t\t<div class=\"elementor-widget-container\">\n\t\t\t\t\t\t\t<div class=\"elementor-divider\">\n\t\t\t<span class=\"elementor-divider-separator\">\n\t\t\t\t\t\t<\/span>\n\t\t<\/div>\n\t\t\t\t\t\t<\/div>\n\t\t\t\t<\/div>\n\t\t\t\t\t<\/div>\n\t\t<\/div>\n\t\t\t\t<div class=\"elementor-column elementor-col-50 elementor-top-column elementor-element elementor-element-9224fe2\" data-id=\"9224fe2\" data-element_type=\"column\" data-e-type=\"column\">\n\t\t\t<div class=\"elementor-widget-wrap elementor-element-populated\">\n\t\t\t\t\t\t<div class=\"elementor-element elementor-element-d0123f3 elementor-widget elementor-widget-image\" data-id=\"d0123f3\" data-element_type=\"widget\" data-e-type=\"widget\" data-widget_type=\"image.default\">\n\t\t\t\t<div class=\"elementor-widget-container\">\n\t\t\t\t\t\t\t\t\t\t\t\t\t\t\t<img fetchpriority=\"high\" decoding=\"async\" width=\"1024\" height=\"1024\" src=\"https:\/\/interseafish.com\/wp-content\/uploads\/2024\/09\/interseafish-black-cod-large-prepared-bowl.jpg\" class=\"attachment-full size-full wp-image-3188\" alt=\"Interseafish black cod prepared\" srcset=\"https:\/\/interseafish.com\/wp-content\/uploads\/2024\/09\/interseafish-black-cod-large-prepared-bowl.jpg 1024w, https:\/\/interseafish.com\/wp-content\/uploads\/2024\/09\/interseafish-black-cod-large-prepared-bowl-300x300.jpg 300w, https:\/\/interseafish.com\/wp-content\/uploads\/2024\/09\/interseafish-black-cod-large-prepared-bowl-150x150.jpg 150w, https:\/\/interseafish.com\/wp-content\/uploads\/2024\/09\/interseafish-black-cod-large-prepared-bowl-768x768.jpg 768w\" sizes=\"(max-width: 1024px) 100vw, 1024px\" \/>\t\t\t\t\t\t\t\t\t\t\t\t\t\t\t<\/div>\n\t\t\t\t<\/div>\n\t\t\t\t\t<\/div>\n\t\t<\/div>\n\t\t\t\t\t<\/div>\n\t\t<\/section>\n\t\t\t\t<section class=\"elementor-section elementor-top-section elementor-element elementor-element-8f93958 elementor-section-boxed elementor-section-height-default elementor-section-height-default\" data-id=\"8f93958\" data-element_type=\"section\" data-e-type=\"section\">\n\t\t\t\t\t\t<div class=\"elementor-container elementor-column-gap-default\">\n\t\t\t\t\t<div class=\"elementor-column elementor-col-100 elementor-top-column elementor-element elementor-element-53c4a29\" data-id=\"53c4a29\" data-element_type=\"column\" data-e-type=\"column\">\n\t\t\t<div class=\"elementor-widget-wrap elementor-element-populated\">\n\t\t\t\t\t\t<div class=\"elementor-element elementor-element-c49aace elementor-widget elementor-widget-heading\" data-id=\"c49aace\" data-element_type=\"widget\" data-e-type=\"widget\" data-widget_type=\"heading.default\">\n\t\t\t\t<div class=\"elementor-widget-container\">\n\t\t\t\t\t<h2 class=\"elementor-heading-title elementor-size-default\">Zertifizierungen<\/h2>\t\t\t\t<\/div>\n\t\t\t\t<\/div>\n\t\t\t\t<div class=\"elementor-element elementor-element-76d4c28 elementor-widget elementor-widget-image\" data-id=\"76d4c28\" data-element_type=\"widget\" data-e-type=\"widget\" data-widget_type=\"image.default\">\n\t\t\t\t<div class=\"elementor-widget-container\">\n\t\t\t\t\t\t\t\t\t\t\t\t\t\t\t<img decoding=\"async\" src=\"https:\/\/interseafish.com\/wp-content\/uploads\/elementor\/thumbs\/keurmerk-msc-qsy6aunym8z06pkzmigouleqpbvgohe4myex31nw2g.png\" title=\"keurmerk-msc\" alt=\"MSC certification\" loading=\"lazy\" \/>\t\t\t\t\t\t\t\t\t\t\t\t\t\t\t<\/div>\n\t\t\t\t<\/div>\n\t\t\t\t\t<\/div>\n\t\t<\/div>\n\t\t\t\t\t<\/div>\n\t\t<\/section>\n\t\t\t\t<section class=\"elementor-section elementor-top-section elementor-element elementor-element-78b7b68 elementor-section-boxed elementor-section-height-default elementor-section-height-default\" data-id=\"78b7b68\" data-element_type=\"section\" data-e-type=\"section\" data-settings=\"{&quot;background_background&quot;:&quot;classic&quot;}\">\n\t\t\t\t\t\t<div class=\"elementor-container elementor-column-gap-default\">\n\t\t\t\t\t<div class=\"elementor-column elementor-col-100 elementor-top-column elementor-element elementor-element-c31aa20\" data-id=\"c31aa20\" data-element_type=\"column\" data-e-type=\"column\">\n\t\t\t<div class=\"elementor-widget-wrap\">\n\t\t\t\t\t\t\t<\/div>\n\t\t<\/div>\n\t\t\t\t\t<\/div>\n\t\t<\/section>\n\t\t\t\t<section class=\"elementor-section elementor-top-section elementor-element elementor-element-5b9d617 elementor-section-boxed elementor-section-height-default elementor-section-height-default\" data-id=\"5b9d617\" data-element_type=\"section\" data-e-type=\"section\" data-settings=\"{&quot;background_background&quot;:&quot;classic&quot;}\">\n\t\t\t\t\t\t<div class=\"elementor-container elementor-column-gap-default\">\n\t\t\t\t\t<div class=\"elementor-column elementor-col-100 elementor-top-column elementor-element elementor-element-bc7e2c5\" data-id=\"bc7e2c5\" data-element_type=\"column\" data-e-type=\"column\">\n\t\t\t<div class=\"elementor-widget-wrap elementor-element-populated\">\n\t\t\t\t\t\t<div class=\"elementor-element elementor-element-48ad34e elementor-widget elementor-widget-heading\" data-id=\"48ad34e\" data-element_type=\"widget\" data-e-type=\"widget\" data-widget_type=\"heading.default\">\n\t\t\t\t<div class=\"elementor-widget-container\">\n\t\t\t\t\t<h2 class=\"elementor-heading-title elementor-size-default\">M\u00f6chten Sie mehr Informationen?<\/h2>\t\t\t\t<\/div>\n\t\t\t\t<\/div>\n\t\t\t\t<div class=\"elementor-element elementor-element-c4805df elementor-widget elementor-widget-heading\" data-id=\"c4805df\" data-element_type=\"widget\" data-e-type=\"widget\" data-widget_type=\"heading.default\">\n\t\t\t\t<div class=\"elementor-widget-container\">\n\t\t\t\t\t<h2 class=\"elementor-heading-title elementor-size-default\">Fordern Sie ein Angebot an oder<br>kontaktieren Sie uns f\u00fcr weitere Informationen<\/h2>\t\t\t\t<\/div>\n\t\t\t\t<\/div>\n\t\t\t\t<div class=\"elementor-element elementor-element-f130e88 elementor-align-center elementor-widget__width-auto elementor-widget-mobile__width-inherit elementor-widget elementor-widget-button\" data-id=\"f130e88\" data-element_type=\"widget\" data-e-type=\"widget\" data-widget_type=\"button.default\">\n\t\t\t\t<div class=\"elementor-widget-container\">\n\t\t\t\t\t\t\t\t\t<div class=\"elementor-button-wrapper\">\n\t\t\t\t\t<a class=\"elementor-button elementor-button-link elementor-size-sm\" href=\"https:\/\/interseafish.us2.list-manage.com\/subscribe?u=1cdc78dd0545648905d6d9053&#038;id=6cbf4f4150\" target=\"_blank\">\n\t\t\t\t\t\t<span class=\"elementor-button-content-wrapper\">\n\t\t\t\t\t\t\t\t\t<span class=\"elementor-button-text\">Angebot anfordern<\/span>\n\t\t\t\t\t<\/span>\n\t\t\t\t\t<\/a>\n\t\t\t\t<\/div>\n\t\t\t\t\t\t\t\t<\/div>\n\t\t\t\t<\/div>\n\t\t\t\t<div class=\"elementor-element elementor-element-ad08f00 elementor-align-center elementor-widget__width-auto elementor-widget-mobile__width-inherit elementor-widget elementor-widget-button\" data-id=\"ad08f00\" data-element_type=\"widget\" data-e-type=\"widget\" data-widget_type=\"button.default\">\n\t\t\t\t<div class=\"elementor-widget-container\">\n\t\t\t\t\t\t\t\t\t<div class=\"elementor-button-wrapper\">\n\t\t\t\t\t<a class=\"elementor-button elementor-button-link elementor-size-sm\" href=\"https:\/\/interseafish.com\/de\/kontakt\/\">\n\t\t\t\t\t\t<span class=\"elementor-button-content-wrapper\">\n\t\t\t\t\t\t\t\t\t<span class=\"elementor-button-text\">Nehmen Sie contact mit uns auf<\/span>\n\t\t\t\t\t<\/span>\n\t\t\t\t\t<\/a>\n\t\t\t\t<\/div>\n\t\t\t\t\t\t\t\t<\/div>\n\t\t\t\t<\/div>\n\t\t\t\t\t<\/div>\n\t\t<\/div>\n\t\t\t\t\t<\/div>\n\t\t<\/section>\n\t\t\t\t<\/div>\n\t\t","protected":false},"excerpt":{"rendered":"<p>&lt; Zur\u00fcck zur \u00dcbersicht Anoplopoma fimbria Kohlenfisch Bekannt f\u00fcr seine hervorragende Qualit\u00e4t ist es eine echte Delikatesse. Es ist mittlerweile ein beliebtes Produkt. Der Kohlenfisch von Interseafish ist MSC-zertifiziert. W\u00fcnschen Sie weitere Informationen \u00fcber dieses Produkt? F\u00fcllen Sie dann unser Kontaktformular aus oder rufen Sie uns an unter 0031 166 604040. Angebot anfordern &gt; Eine [&hellip;]<\/p>\n","protected":false},"author":2,"featured_media":0,"parent":0,"menu_order":0,"comment_status":"closed","ping_status":"closed","template":"elementor_header_footer","meta":{"_monsterinsights_skip_tracking":false,"_monsterinsights_sitenote_active":false,"_monsterinsights_sitenote_note":"","_monsterinsights_sitenote_category":0,"footnotes":""},"class_list":["post-5353","page","type-page","status-publish","hentry"],"yoast_head":"<!-- This site is optimized with the Yoast SEO plugin v27.5 - https:\/\/yoast.com\/product\/yoast-seo-wordpress\/ -->\n<title>Kohlenfisch - Interseafish Premium seafood since 1981!<\/title>\n<meta name=\"description\" content=\"Er ist bekannt f\u00fcr seine hervorragende Qualit\u00e4t und gilt als echte Delikatesse. Mittlerweile ist er ein sehr beliebtes Produkt.\" \/>\n<meta name=\"robots\" content=\"index, follow, max-snippet:-1, max-image-preview:large, max-video-preview:-1\" \/>\n<link rel=\"canonical\" href=\"https:\/\/interseafish.com\/de\/kohlenfisch\/\" \/>\n<meta property=\"og:locale\" content=\"de_DE\" \/>\n<meta property=\"og:type\" content=\"article\" \/>\n<meta property=\"og:title\" content=\"Kohlenfisch - Interseafish Premium seafood since 1981!\" \/>\n<meta property=\"og:description\" content=\"Er ist bekannt f\u00fcr seine hervorragende Qualit\u00e4t und gilt als echte Delikatesse. Mittlerweile ist er ein sehr beliebtes Produkt.\" \/>\n<meta property=\"og:url\" content=\"https:\/\/interseafish.com\/de\/kohlenfisch\/\" \/>\n<meta property=\"og:site_name\" content=\"Interseafish\" \/>\n<meta property=\"article:publisher\" content=\"https:\/\/www.facebook.com\/interseafishNL\" \/>\n<meta property=\"article:modified_time\" content=\"2024-10-28T10:20:14+00:00\" \/>\n<meta property=\"og:image\" content=\"https:\/\/interseafish.com\/wp-content\/uploads\/2024\/09\/interseafish-black-cod-large.jpg\" \/>\n<meta name=\"twitter:card\" content=\"summary_large_image\" \/>\n<meta name=\"twitter:label1\" content=\"Gesch\u00e4tzte Lesezeit\" \/>\n\t<meta name=\"twitter:data1\" content=\"2\u00a0Minuten\" \/>\n<script type=\"application\/ld+json\" class=\"yoast-schema-graph\">{\"@context\":\"https:\\\/\\\/schema.org\",\"@graph\":[{\"@type\":\"WebPage\",\"@id\":\"https:\\\/\\\/interseafish.com\\\/de\\\/kohlenfisch\\\/\",\"url\":\"https:\\\/\\\/interseafish.com\\\/de\\\/kohlenfisch\\\/\",\"name\":\"Kohlenfisch - Interseafish Premium seafood since 1981!\",\"isPartOf\":{\"@id\":\"https:\\\/\\\/interseafish.com\\\/de\\\/#website\"},\"primaryImageOfPage\":{\"@id\":\"https:\\\/\\\/interseafish.com\\\/de\\\/kohlenfisch\\\/#primaryimage\"},\"image\":{\"@id\":\"https:\\\/\\\/interseafish.com\\\/de\\\/kohlenfisch\\\/#primaryimage\"},\"thumbnailUrl\":\"https:\\\/\\\/interseafish.com\\\/wp-content\\\/uploads\\\/2024\\\/09\\\/interseafish-black-cod-large.jpg\",\"datePublished\":\"2024-09-10T16:47:34+00:00\",\"dateModified\":\"2024-10-28T10:20:14+00:00\",\"description\":\"Er ist bekannt f\u00fcr seine hervorragende Qualit\u00e4t und gilt als echte Delikatesse. Mittlerweile ist er ein sehr beliebtes Produkt.\",\"breadcrumb\":{\"@id\":\"https:\\\/\\\/interseafish.com\\\/de\\\/kohlenfisch\\\/#breadcrumb\"},\"inLanguage\":\"de\",\"potentialAction\":[{\"@type\":\"ReadAction\",\"target\":[\"https:\\\/\\\/interseafish.com\\\/de\\\/kohlenfisch\\\/\"]}]},{\"@type\":\"ImageObject\",\"inLanguage\":\"de\",\"@id\":\"https:\\\/\\\/interseafish.com\\\/de\\\/kohlenfisch\\\/#primaryimage\",\"url\":\"https:\\\/\\\/interseafish.com\\\/wp-content\\\/uploads\\\/2024\\\/09\\\/interseafish-black-cod-large.jpg\",\"contentUrl\":\"https:\\\/\\\/interseafish.com\\\/wp-content\\\/uploads\\\/2024\\\/09\\\/interseafish-black-cod-large.jpg\"},{\"@type\":\"BreadcrumbList\",\"@id\":\"https:\\\/\\\/interseafish.com\\\/de\\\/kohlenfisch\\\/#breadcrumb\",\"itemListElement\":[{\"@type\":\"ListItem\",\"position\":1,\"name\":\"Home\",\"item\":\"https:\\\/\\\/interseafish.com\\\/de\\\/startseite\\\/\"},{\"@type\":\"ListItem\",\"position\":2,\"name\":\"Kohlenfisch\"}]},{\"@type\":\"WebSite\",\"@id\":\"https:\\\/\\\/interseafish.com\\\/de\\\/#website\",\"url\":\"https:\\\/\\\/interseafish.com\\\/de\\\/\",\"name\":\"Interseafish\",\"description\":\"Premium seafood since 1981!\",\"publisher\":{\"@id\":\"https:\\\/\\\/interseafish.com\\\/de\\\/#organization\"},\"potentialAction\":[{\"@type\":\"SearchAction\",\"target\":{\"@type\":\"EntryPoint\",\"urlTemplate\":\"https:\\\/\\\/interseafish.com\\\/de\\\/?s={search_term_string}\"},\"query-input\":{\"@type\":\"PropertyValueSpecification\",\"valueRequired\":true,\"valueName\":\"search_term_string\"}}],\"inLanguage\":\"de\"},{\"@type\":\"Organization\",\"@id\":\"https:\\\/\\\/interseafish.com\\\/de\\\/#organization\",\"name\":\"Interseafish\",\"url\":\"https:\\\/\\\/interseafish.com\\\/de\\\/\",\"logo\":{\"@type\":\"ImageObject\",\"inLanguage\":\"de\",\"@id\":\"https:\\\/\\\/interseafish.com\\\/de\\\/#\\\/schema\\\/logo\\\/image\\\/\",\"url\":\"https:\\\/\\\/interseafish.com\\\/wp-content\\\/uploads\\\/2024\\\/08\\\/interseafish-logo-colour-1300-1.png\",\"contentUrl\":\"https:\\\/\\\/interseafish.com\\\/wp-content\\\/uploads\\\/2024\\\/08\\\/interseafish-logo-colour-1300-1.png\",\"width\":1300,\"height\":458,\"caption\":\"Interseafish\"},\"image\":{\"@id\":\"https:\\\/\\\/interseafish.com\\\/de\\\/#\\\/schema\\\/logo\\\/image\\\/\"},\"sameAs\":[\"https:\\\/\\\/www.facebook.com\\\/interseafishNL\",\"https:\\\/\\\/www.instagram.com\\\/interseafish\\\/\",\"https:\\\/\\\/www.linkedin.com\\\/company\\\/interseafish\\\/\",\"https:\\\/\\\/www.youtube.com\\\/@interseafish\"]}]}<\/script>\n<!-- \/ Yoast SEO plugin. -->","yoast_head_json":{"title":"Kohlenfisch - Interseafish Premium seafood since 1981!","description":"Er ist bekannt f\u00fcr seine hervorragende Qualit\u00e4t und gilt als echte Delikatesse. Mittlerweile ist er ein sehr beliebtes Produkt.","robots":{"index":"index","follow":"follow","max-snippet":"max-snippet:-1","max-image-preview":"max-image-preview:large","max-video-preview":"max-video-preview:-1"},"canonical":"https:\/\/interseafish.com\/de\/kohlenfisch\/","og_locale":"de_DE","og_type":"article","og_title":"Kohlenfisch - Interseafish Premium seafood since 1981!","og_description":"Er ist bekannt f\u00fcr seine hervorragende Qualit\u00e4t und gilt als echte Delikatesse. Mittlerweile ist er ein sehr beliebtes Produkt.","og_url":"https:\/\/interseafish.com\/de\/kohlenfisch\/","og_site_name":"Interseafish","article_publisher":"https:\/\/www.facebook.com\/interseafishNL","article_modified_time":"2024-10-28T10:20:14+00:00","og_image":[{"url":"https:\/\/interseafish.com\/wp-content\/uploads\/2024\/09\/interseafish-black-cod-large.jpg","type":"","width":"","height":""}],"twitter_card":"summary_large_image","twitter_misc":{"Gesch\u00e4tzte Lesezeit":"2\u00a0Minuten"},"schema":{"@context":"https:\/\/schema.org","@graph":[{"@type":"WebPage","@id":"https:\/\/interseafish.com\/de\/kohlenfisch\/","url":"https:\/\/interseafish.com\/de\/kohlenfisch\/","name":"Kohlenfisch - Interseafish Premium seafood since 1981!","isPartOf":{"@id":"https:\/\/interseafish.com\/de\/#website"},"primaryImageOfPage":{"@id":"https:\/\/interseafish.com\/de\/kohlenfisch\/#primaryimage"},"image":{"@id":"https:\/\/interseafish.com\/de\/kohlenfisch\/#primaryimage"},"thumbnailUrl":"https:\/\/interseafish.com\/wp-content\/uploads\/2024\/09\/interseafish-black-cod-large.jpg","datePublished":"2024-09-10T16:47:34+00:00","dateModified":"2024-10-28T10:20:14+00:00","description":"Er ist bekannt f\u00fcr seine hervorragende Qualit\u00e4t und gilt als echte Delikatesse. Mittlerweile ist er ein sehr beliebtes Produkt.","breadcrumb":{"@id":"https:\/\/interseafish.com\/de\/kohlenfisch\/#breadcrumb"},"inLanguage":"de","potentialAction":[{"@type":"ReadAction","target":["https:\/\/interseafish.com\/de\/kohlenfisch\/"]}]},{"@type":"ImageObject","inLanguage":"de","@id":"https:\/\/interseafish.com\/de\/kohlenfisch\/#primaryimage","url":"https:\/\/interseafish.com\/wp-content\/uploads\/2024\/09\/interseafish-black-cod-large.jpg","contentUrl":"https:\/\/interseafish.com\/wp-content\/uploads\/2024\/09\/interseafish-black-cod-large.jpg"},{"@type":"BreadcrumbList","@id":"https:\/\/interseafish.com\/de\/kohlenfisch\/#breadcrumb","itemListElement":[{"@type":"ListItem","position":1,"name":"Home","item":"https:\/\/interseafish.com\/de\/startseite\/"},{"@type":"ListItem","position":2,"name":"Kohlenfisch"}]},{"@type":"WebSite","@id":"https:\/\/interseafish.com\/de\/#website","url":"https:\/\/interseafish.com\/de\/","name":"Interseafish","description":"Premium seafood since 1981!","publisher":{"@id":"https:\/\/interseafish.com\/de\/#organization"},"potentialAction":[{"@type":"SearchAction","target":{"@type":"EntryPoint","urlTemplate":"https:\/\/interseafish.com\/de\/?s={search_term_string}"},"query-input":{"@type":"PropertyValueSpecification","valueRequired":true,"valueName":"search_term_string"}}],"inLanguage":"de"},{"@type":"Organization","@id":"https:\/\/interseafish.com\/de\/#organization","name":"Interseafish","url":"https:\/\/interseafish.com\/de\/","logo":{"@type":"ImageObject","inLanguage":"de","@id":"https:\/\/interseafish.com\/de\/#\/schema\/logo\/image\/","url":"https:\/\/interseafish.com\/wp-content\/uploads\/2024\/08\/interseafish-logo-colour-1300-1.png","contentUrl":"https:\/\/interseafish.com\/wp-content\/uploads\/2024\/08\/interseafish-logo-colour-1300-1.png","width":1300,"height":458,"caption":"Interseafish"},"image":{"@id":"https:\/\/interseafish.com\/de\/#\/schema\/logo\/image\/"},"sameAs":["https:\/\/www.facebook.com\/interseafishNL","https:\/\/www.instagram.com\/interseafish\/","https:\/\/www.linkedin.com\/company\/interseafish\/","https:\/\/www.youtube.com\/@interseafish"]}]}},"_links":{"self":[{"href":"https:\/\/interseafish.com\/de\/wp-json\/wp\/v2\/pages\/5353","targetHints":{"allow":["GET"]}}],"collection":[{"href":"https:\/\/interseafish.com\/de\/wp-json\/wp\/v2\/pages"}],"about":[{"href":"https:\/\/interseafish.com\/de\/wp-json\/wp\/v2\/types\/page"}],"author":[{"embeddable":true,"href":"https:\/\/interseafish.com\/de\/wp-json\/wp\/v2\/users\/2"}],"replies":[{"embeddable":true,"href":"https:\/\/interseafish.com\/de\/wp-json\/wp\/v2\/comments?post=5353"}],"version-history":[{"count":13,"href":"https:\/\/interseafish.com\/de\/wp-json\/wp\/v2\/pages\/5353\/revisions"}],"predecessor-version":[{"id":8043,"href":"https:\/\/interseafish.com\/de\/wp-json\/wp\/v2\/pages\/5353\/revisions\/8043"}],"wp:attachment":[{"href":"https:\/\/interseafish.com\/de\/wp-json\/wp\/v2\/media?parent=5353"}],"curies":[{"name":"wp","href":"https:\/\/api.w.org\/{rel}","templated":true}]}}